{"id":11,"date":"2020-05-09T15:16:30","date_gmt":"2020-05-09T15:16:30","guid":{"rendered":"http:\/\/demo.fanseethemes.com\/business-power\/?page_id=11"},"modified":"2022-03-05T15:44:43","modified_gmt":"2022-03-05T18:44:43","slug":"built-for-professionals-from-freelancer-to-agency","status":"publish","type":"page","link":"https:\/\/fullsafe.io\/index.php\/built-for-professionals-from-freelancer-to-agency\/","title":{"rendered":"Quanto importa a seguran\u00e7a em tecnologia para sua empresa?"},"content":{"rendered":"\n<p>Geralmente quando se fala em seguran\u00e7a em tecnologia, esse assunto \u00e9 deixado para tratar depois, primeiro fazem funcionar os equipamentos, colocam em produ\u00e7\u00e3o para depois, talvez, tratar da seguran\u00e7a.<\/p>\n\n\n\n<p>Uma rede insegura causa algum problema no funcionamento da sua empresa?<\/p>\n\n\n\n<p>Claro que sim, muitas vezes sem voc\u00ea perceber, seus dados ou de seus clientes, est\u00e3o sendo compartilhados na Internet, bem como o acesso a seus equipamentos est\u00e3o sendo executados externamente e voc\u00ea nem percebe. J\u00e1 ouviu algu\u00e9m reclamar que perdeu o dinheiro que estava na conta banc\u00e1ria? Assim acontece, o acesso a seus equipamentos j\u00e1 foi feito sem que voc\u00ea percebesse, e seus dados foram capturados e manipulados.<\/p>\n\n\n\n<p>A seguran\u00e7a em tecnologia, tanto na sua empresa, quanto aos seus clientes, dever\u00e1 ser levado a s\u00e9rio, muito s\u00e9rio. A maioria das empresas, n\u00e3o investem em seguran\u00e7a de tecnologia, e assim, pagam um pre\u00e7o alto depois para solucionar-los, al\u00e9m de perder a\u00e7\u00f5es judiciais que eventuais clientes executem.<\/p>\n\n\n\n<p><\/p>\n","protected":false},"excerpt":{"rendered":"<p>Geralmente quando se fala em seguran\u00e7a em tecnologia, esse assunto \u00e9 deixado para tratar depois, primeiro fazem funcionar os equipamentos, colocam em produ\u00e7\u00e3o para depois, talvez, tratar da seguran\u00e7a. Uma rede insegura causa algum problema no funcionamento da sua empresa? Claro que sim, muitas vezes sem voc\u00ea perceber, seus dados ou de seus clientes, est\u00e3o [&hellip;]<\/p>\n","protected":false},"author":1,"featured_media":2035,"parent":0,"menu_order":0,"comment_status":"closed","ping_status":"closed","template":"","meta":{"footnotes":""},"_links":{"self":[{"href":"https:\/\/fullsafe.io\/index.php\/wp-json\/wp\/v2\/pages\/11"}],"collection":[{"href":"https:\/\/fullsafe.io\/index.php\/wp-json\/wp\/v2\/pages"}],"about":[{"href":"https:\/\/fullsafe.io\/index.php\/wp-json\/wp\/v2\/types\/page"}],"author":[{"embeddable":true,"href":"https:\/\/fullsafe.io\/index.php\/wp-json\/wp\/v2\/users\/1"}],"replies":[{"embeddable":true,"href":"https:\/\/fullsafe.io\/index.php\/wp-json\/wp\/v2\/comments?post=11"}],"version-history":[{"count":2,"href":"https:\/\/fullsafe.io\/index.php\/wp-json\/wp\/v2\/pages\/11\/revisions"}],"predecessor-version":[{"id":2037,"href":"https:\/\/fullsafe.io\/index.php\/wp-json\/wp\/v2\/pages\/11\/revisions\/2037"}],"wp:featuredmedia":[{"embeddable":true,"href":"https:\/\/fullsafe.io\/index.php\/wp-json\/wp\/v2\/media\/2035"}],"wp:attachment":[{"href":"https:\/\/fullsafe.io\/index.php\/wp-json\/wp\/v2\/media?parent=11"}],"curies":[{"name":"wp","href":"https:\/\/api.w.org\/{rel}","templated":true}]}}