{"id":20,"date":"2020-05-09T15:29:49","date_gmt":"2020-05-09T15:29:49","guid":{"rendered":"http:\/\/demo.fanseethemes.com\/business-power\/?page_id=20"},"modified":"2022-03-05T16:10:38","modified_gmt":"2022-03-05T19:10:38","slug":"boost-your-business-with-us","status":"publish","type":"page","link":"https:\/\/fullsafe.io\/index.php\/boost-your-business-with-us\/","title":{"rendered":"Seus equipamentos est\u00e3o protegidos contra ataques e invas\u00f5es?"},"content":{"rendered":"\n<p>Voc\u00ea imagina estar lendo esse texto agora e sua empresa estar sendo invadida e\/ou atacada por um acesso externo n\u00e3o autorizado?<\/p>\n\n\n\n<p>Isso mesmo, a maioria das empresa que acessam a Internet, tem em seus equipamentos fortes vulnerabilidades que permitem o acesso a praticamente qualquer pessoa, assim, comprometendo o perfeito funcionamento do seu neg\u00f3cio, bem como, o acesso a dados de seus clientes.<\/p>\n\n\n\n<p>Ser\u00e1 que os equipamentos que seus colaboradores utilizam est\u00e1 funcionando de maneira correta? Eles acessam apenas o que a empresa determinou? Como voc\u00ea sabe destas informa\u00e7\u00f5es?<\/p>\n\n\n\n<p>A Fullsafe Corporation tem o expertise para ajudar a solucionar a maioria destes problemas de seguran\u00e7a e mau uso dos equipamentos e\/ou rede.<\/p>\n\n\n\n<p>Utilizando os equipamentos e\/ou de forma correta, sua empresa ser\u00e1 muito mais produtiva em todos os sentidos.<\/p>\n","protected":false},"excerpt":{"rendered":"<p>Voc\u00ea imagina estar lendo esse texto agora e sua empresa estar sendo invadida e\/ou atacada por um acesso externo n\u00e3o autorizado? Isso mesmo, a maioria das empresa que acessam a Internet, tem em seus equipamentos fortes vulnerabilidades que permitem o acesso a praticamente qualquer pessoa, assim, comprometendo o perfeito funcionamento do seu neg\u00f3cio, bem como, [&hellip;]<\/p>\n","protected":false},"author":1,"featured_media":2033,"parent":0,"menu_order":0,"comment_status":"closed","ping_status":"closed","template":"","meta":{"footnotes":""},"_links":{"self":[{"href":"https:\/\/fullsafe.io\/index.php\/wp-json\/wp\/v2\/pages\/20"}],"collection":[{"href":"https:\/\/fullsafe.io\/index.php\/wp-json\/wp\/v2\/pages"}],"about":[{"href":"https:\/\/fullsafe.io\/index.php\/wp-json\/wp\/v2\/types\/page"}],"author":[{"embeddable":true,"href":"https:\/\/fullsafe.io\/index.php\/wp-json\/wp\/v2\/users\/1"}],"replies":[{"embeddable":true,"href":"https:\/\/fullsafe.io\/index.php\/wp-json\/wp\/v2\/comments?post=20"}],"version-history":[{"count":3,"href":"https:\/\/fullsafe.io\/index.php\/wp-json\/wp\/v2\/pages\/20\/revisions"}],"predecessor-version":[{"id":2043,"href":"https:\/\/fullsafe.io\/index.php\/wp-json\/wp\/v2\/pages\/20\/revisions\/2043"}],"wp:featuredmedia":[{"embeddable":true,"href":"https:\/\/fullsafe.io\/index.php\/wp-json\/wp\/v2\/media\/2033"}],"wp:attachment":[{"href":"https:\/\/fullsafe.io\/index.php\/wp-json\/wp\/v2\/media?parent=20"}],"curies":[{"name":"wp","href":"https:\/\/api.w.org\/{rel}","templated":true}]}}