{"id":25,"date":"2020-05-09T15:33:37","date_gmt":"2020-05-09T15:33:37","guid":{"rendered":"http:\/\/demo.fanseethemes.com\/business-power\/?page_id=25"},"modified":"2022-03-05T16:01:29","modified_gmt":"2022-03-05T19:01:29","slug":"creative-and-awesome-theme-for-your-business","status":"publish","type":"page","link":"https:\/\/fullsafe.io\/index.php\/creative-and-awesome-theme-for-your-business\/","title":{"rendered":"Os dados dos seus clientes est\u00e3o seguros?"},"content":{"rendered":"\n<p>O quanto voc\u00ea est\u00e1 preocupado com os dados dos seus clientes armazenados ou trafegados na sua rede?<\/p>\n\n\n\n<p>Esta \u00e9 uma das quest\u00f5es que passam despercebidos pelos gestores de empresas sem compromisso com a seguran\u00e7a em tecnologia. O cliente na ponta, n\u00e3o sabe e nem imagina como os seus dados est\u00e3o sendo armazenados e\/ou trafegados na sua empresa.<\/p>\n\n\n\n<p>Apesar da fiscaliza\u00e7\u00e3o j\u00e1 em vigor, 77% das empresas do pa\u00eds (dados da RD Station) permanecem em desacordo com a Lei Geral de Prote\u00e7\u00e3o de Dados (LGPD). Essa desatualiza\u00e7\u00e3o pode resultar em in\u00fameros preju\u00edzos legais e morais para o seu neg\u00f3cio.<\/p>\n\n\n\n<p>J\u00e1 pensou na m\u00e1 reputa\u00e7\u00e3o da sua empresa em caso de vazamento de dados ou vulnerabilidades na sua rede?<\/p>\n\n\n\n<p>A Fullsafe Corporation, tem o objetivo de ajudar a adequar sua empresa as Leis vigentes quanto a quest\u00e3o da LGPD e mais, ajudar a voc\u00ea proteger sua empresa quanto a vulnerabilidades de redes e\/ou equipamentos de tecnologia.<\/p>\n","protected":false},"excerpt":{"rendered":"<p>O quanto voc\u00ea est\u00e1 preocupado com os dados dos seus clientes armazenados ou trafegados na sua rede? Esta \u00e9 uma das quest\u00f5es que passam despercebidos pelos gestores de empresas sem compromisso com a seguran\u00e7a em tecnologia. O cliente na ponta, n\u00e3o sabe e nem imagina como os seus dados est\u00e3o sendo armazenados e\/ou trafegados na [&hellip;]<\/p>\n","protected":false},"author":1,"featured_media":2034,"parent":0,"menu_order":0,"comment_status":"closed","ping_status":"closed","template":"","meta":{"footnotes":""},"_links":{"self":[{"href":"https:\/\/fullsafe.io\/index.php\/wp-json\/wp\/v2\/pages\/25"}],"collection":[{"href":"https:\/\/fullsafe.io\/index.php\/wp-json\/wp\/v2\/pages"}],"about":[{"href":"https:\/\/fullsafe.io\/index.php\/wp-json\/wp\/v2\/types\/page"}],"author":[{"embeddable":true,"href":"https:\/\/fullsafe.io\/index.php\/wp-json\/wp\/v2\/users\/1"}],"replies":[{"embeddable":true,"href":"https:\/\/fullsafe.io\/index.php\/wp-json\/wp\/v2\/comments?post=25"}],"version-history":[{"count":4,"href":"https:\/\/fullsafe.io\/index.php\/wp-json\/wp\/v2\/pages\/25\/revisions"}],"predecessor-version":[{"id":2040,"href":"https:\/\/fullsafe.io\/index.php\/wp-json\/wp\/v2\/pages\/25\/revisions\/2040"}],"wp:featuredmedia":[{"embeddable":true,"href":"https:\/\/fullsafe.io\/index.php\/wp-json\/wp\/v2\/media\/2034"}],"wp:attachment":[{"href":"https:\/\/fullsafe.io\/index.php\/wp-json\/wp\/v2\/media?parent=25"}],"curies":[{"name":"wp","href":"https:\/\/api.w.org\/{rel}","templated":true}]}}