{"id":29,"date":"2020-05-09T15:36:27","date_gmt":"2020-05-09T15:36:27","guid":{"rendered":"http:\/\/demo.fanseethemes.com\/business-power\/?page_id=29"},"modified":"2022-03-05T17:40:55","modified_gmt":"2022-03-05T20:40:55","slug":"power-business-your-business-partner","status":"publish","type":"page","link":"https:\/\/fullsafe.io\/index.php\/power-business-your-business-partner\/","title":{"rendered":"Sobre N\u00f3s"},"content":{"rendered":"\n<p>A Fullsafe Corporation \u00e9 uma empresa genuinamente brasileira que presta servi\u00e7os na \u00e1rea de Tecnologia da Informa\u00e7\u00e3o.<\/p>\n\n\n\n<p><\/p>\n\n\n\n<p class=\"has-large-font-size\">Nossa Miss\u00e3o<\/p>\n\n\n\n<p style=\"font-size:18px\">Executar servi\u00e7os de <strong>Tecnologia da Informa\u00e7\u00e3o<\/strong> atendendo as necessidades de nossos clientes sempre com, excel\u00eancia em qualidade, transpar\u00eancia e pontualidade, afim de superar suas expectativas e agregar valores aos mesmos, com as melhores solu\u00e7\u00f5es para\u00a0<strong>Tecnologia\u00a0da Informa\u00e7\u00e3o<\/strong>.<\/p>\n\n\n\n<p><\/p>\n\n\n\n<p class=\"has-large-font-size\">Vis\u00e3o<\/p>\n\n\n\n<p style=\"font-size:18px\">&#8220;Ser reconhecido como excel\u00eancia na presta\u00e7\u00e3o de servi\u00e7os de Tecnologia da Informa\u00e7\u00e3o por nossos clientes.&#8221;<\/p>\n\n\n\n<div class=\"wp-block-columns is-layout-flex wp-container-core-columns-is-layout-1 wp-block-columns-is-layout-flex\">\n<div class=\"wp-block-column is-layout-flow wp-block-column-is-layout-flow\">\n<p class=\"has-large-font-size\">Nossos Valores<\/p>\n\n\n\n<p style=\"font-size:18px\"><strong>\u00c9tica<\/strong>: optar pelo correto, justo e moral em todas as tomadas de decis\u00f5es e isonomia no tratamento;<br><strong>Transpar\u00eancia<\/strong>: permitir que nossos usu\u00e1rios possam acompanhar de forma transparente todas as a\u00e7\u00f5es do setor em favor de si mesmos ou da universidade;<br><strong>Efici\u00eancia e qualidade<\/strong>: compromisso nas solu\u00e7\u00f5es propostas, realizando-as com intelig\u00eancia e rapidez, de forma a garantir a satisfa\u00e7\u00e3o dos nossos usu\u00e1rios;<br><strong>Valoriza\u00e7\u00e3o da nossa equipe<\/strong>: valorizar aqueles que contribuem todos os dias melhorias do setor e da universidade.<\/p>\n\n\n\n<p><\/p>\n\n\n\n<h3 class=\"has-large-font-size wp-block-heading\">Siga-nos<\/h3>\n\n\n\n<ul class=\"wp-block-social-links is-layout-flex wp-block-social-links-is-layout-flex\"><li class=\"wp-social-link wp-social-link-facebook  wp-block-social-link\"><a href=\"https:\/\/#\" class=\"wp-block-social-link-anchor\"><svg width=\"24\" height=\"24\" viewBox=\"0 0 24 24\" version=\"1.1\" xmlns=\"http:\/\/www.w3.org\/2000\/svg\" aria-hidden=\"true\" focusable=\"false\"><path d=\"M12 2C6.5 2 2 6.5 2 12c0 5 3.7 9.1 8.4 9.9v-7H7.9V12h2.5V9.8c0-2.5 1.5-3.9 3.8-3.9 1.1 0 2.2.2 2.2.2v2.5h-1.3c-1.2 0-1.6.8-1.6 1.6V12h2.8l-.4 2.9h-2.3v7C18.3 21.1 22 17 22 12c0-5.5-4.5-10-10-10z\"><\/path><\/svg><span class=\"wp-block-social-link-label screen-reader-text\">Facebook<\/span><\/a><\/li>\n\n<li class=\"wp-social-link wp-social-link-twitter  wp-block-social-link\"><a href=\"https:\/\/#\" class=\"wp-block-social-link-anchor\"><svg width=\"24\" height=\"24\" viewBox=\"0 0 24 24\" version=\"1.1\" xmlns=\"http:\/\/www.w3.org\/2000\/svg\" aria-hidden=\"true\" focusable=\"false\"><path d=\"M22.23,5.924c-0.736,0.326-1.527,0.547-2.357,0.646c0.847-0.508,1.498-1.312,1.804-2.27 c-0.793,0.47-1.671,0.812-2.606,0.996C18.324,4.498,17.257,4,16.077,4c-2.266,0-4.103,1.837-4.103,4.103 c0,0.322,0.036,0.635,0.106,0.935C8.67,8.867,5.647,7.234,3.623,4.751C3.27,5.357,3.067,6.062,3.067,6.814 c0,1.424,0.724,2.679,1.825,3.415c-0.673-0.021-1.305-0.206-1.859-0.513c0,0.017,0,0.034,0,0.052c0,1.988,1.414,3.647,3.292,4.023 c-0.344,0.094-0.707,0.144-1.081,0.144c-0.264,0-0.521-0.026-0.772-0.074c0.522,1.63,2.038,2.816,3.833,2.85 c-1.404,1.1-3.174,1.756-5.096,1.756c-0.331,0-0.658-0.019-0.979-0.057c1.816,1.164,3.973,1.843,6.29,1.843 c7.547,0,11.675-6.252,11.675-11.675c0-0.178-0.004-0.355-0.012-0.531C20.985,7.47,21.68,6.747,22.23,5.924z\"><\/path><\/svg><span class=\"wp-block-social-link-label screen-reader-text\">Twitter<\/span><\/a><\/li>\n\n<li class=\"wp-social-link wp-social-link-instagram  wp-block-social-link\"><a href=\"https:\/\/#\" class=\"wp-block-social-link-anchor\"><svg width=\"24\" height=\"24\" viewBox=\"0 0 24 24\" version=\"1.1\" xmlns=\"http:\/\/www.w3.org\/2000\/svg\" aria-hidden=\"true\" focusable=\"false\"><path d=\"M12,4.622c2.403,0,2.688,0.009,3.637,0.052c0.877,0.04,1.354,0.187,1.671,0.31c0.42,0.163,0.72,0.358,1.035,0.673 c0.315,0.315,0.51,0.615,0.673,1.035c0.123,0.317,0.27,0.794,0.31,1.671c0.043,0.949,0.052,1.234,0.052,3.637 s-0.009,2.688-0.052,3.637c-0.04,0.877-0.187,1.354-0.31,1.671c-0.163,0.42-0.358,0.72-0.673,1.035 c-0.315,0.315-0.615,0.51-1.035,0.673c-0.317,0.123-0.794,0.27-1.671,0.31c-0.949,0.043-1.233,0.052-3.637,0.052 s-2.688-0.009-3.637-0.052c-0.877-0.04-1.354-0.187-1.671-0.31c-0.42-0.163-0.72-0.358-1.035-0.673 c-0.315-0.315-0.51-0.615-0.673-1.035c-0.123-0.317-0.27-0.794-0.31-1.671C4.631,14.688,4.622,14.403,4.622,12 s0.009-2.688,0.052-3.637c0.04-0.877,0.187-1.354,0.31-1.671c0.163-0.42,0.358-0.72,0.673-1.035 c0.315-0.315,0.615-0.51,1.035-0.673c0.317-0.123,0.794-0.27,1.671-0.31C9.312,4.631,9.597,4.622,12,4.622 M12,3 C9.556,3,9.249,3.01,8.289,3.054C7.331,3.098,6.677,3.25,6.105,3.472C5.513,3.702,5.011,4.01,4.511,4.511 c-0.5,0.5-0.808,1.002-1.038,1.594C3.25,6.677,3.098,7.331,3.054,8.289C3.01,9.249,3,9.556,3,12c0,2.444,0.01,2.751,0.054,3.711 c0.044,0.958,0.196,1.612,0.418,2.185c0.23,0.592,0.538,1.094,1.038,1.594c0.5,0.5,1.002,0.808,1.594,1.038 c0.572,0.222,1.227,0.375,2.185,0.418C9.249,20.99,9.556,21,12,21s2.751-0.01,3.711-0.054c0.958-0.044,1.612-0.196,2.185-0.418 c0.592-0.23,1.094-0.538,1.594-1.038c0.5-0.5,0.808-1.002,1.038-1.594c0.222-0.572,0.375-1.227,0.418-2.185 C20.99,14.751,21,14.444,21,12s-0.01-2.751-0.054-3.711c-0.044-0.958-0.196-1.612-0.418-2.185c-0.23-0.592-0.538-1.094-1.038-1.594 c-0.5-0.5-1.002-0.808-1.594-1.038c-0.572-0.222-1.227-0.375-2.185-0.418C14.751,3.01,14.444,3,12,3L12,3z M12,7.378 c-2.552,0-4.622,2.069-4.622,4.622S9.448,16.622,12,16.622s4.622-2.069,4.622-4.622S14.552,7.378,12,7.378z M12,15 c-1.657,0-3-1.343-3-3s1.343-3,3-3s3,1.343,3,3S13.657,15,12,15z M16.804,6.116c-0.596,0-1.08,0.484-1.08,1.08 s0.484,1.08,1.08,1.08c0.596,0,1.08-0.484,1.08-1.08S17.401,6.116,16.804,6.116z\"><\/path><\/svg><span class=\"wp-block-social-link-label screen-reader-text\">Instagram<\/span><\/a><\/li>\n\n<li class=\"wp-social-link wp-social-link-linkedin  wp-block-social-link\"><a href=\"https:\/\/#\" class=\"wp-block-social-link-anchor\"><svg width=\"24\" height=\"24\" viewBox=\"0 0 24 24\" version=\"1.1\" xmlns=\"http:\/\/www.w3.org\/2000\/svg\" aria-hidden=\"true\" focusable=\"false\"><path d=\"M19.7,3H4.3C3.582,3,3,3.582,3,4.3v15.4C3,20.418,3.582,21,4.3,21h15.4c0.718,0,1.3-0.582,1.3-1.3V4.3 C21,3.582,20.418,3,19.7,3z M8.339,18.338H5.667v-8.59h2.672V18.338z M7.004,8.574c-0.857,0-1.549-0.694-1.549-1.548 c0-0.855,0.691-1.548,1.549-1.548c0.854,0,1.547,0.694,1.547,1.548C8.551,7.881,7.858,8.574,7.004,8.574z M18.339,18.338h-2.669 v-4.177c0-0.996-0.017-2.278-1.387-2.278c-1.389,0-1.601,1.086-1.601,2.206v4.249h-2.667v-8.59h2.559v1.174h0.037 c0.356-0.675,1.227-1.387,2.526-1.387c2.703,0,3.203,1.779,3.203,4.092V18.338z\"><\/path><\/svg><span class=\"wp-block-social-link-label screen-reader-text\">LinkedIn<\/span><\/a><\/li>\n\n<li class=\"wp-social-link wp-social-link-youtube  wp-block-social-link\"><a href=\"https:\/\/#\" class=\"wp-block-social-link-anchor\"><svg width=\"24\" height=\"24\" viewBox=\"0 0 24 24\" version=\"1.1\" xmlns=\"http:\/\/www.w3.org\/2000\/svg\" aria-hidden=\"true\" focusable=\"false\"><path d=\"M21.8,8.001c0,0-0.195-1.378-0.795-1.985c-0.76-0.797-1.613-0.801-2.004-0.847c-2.799-0.202-6.997-0.202-6.997-0.202 h-0.009c0,0-4.198,0-6.997,0.202C4.608,5.216,3.756,5.22,2.995,6.016C2.395,6.623,2.2,8.001,2.2,8.001S2,9.62,2,11.238v1.517 c0,1.618,0.2,3.237,0.2,3.237s0.195,1.378,0.795,1.985c0.761,0.797,1.76,0.771,2.205,0.855c1.6,0.153,6.8,0.201,6.8,0.201 s4.203-0.006,7.001-0.209c0.391-0.047,1.243-0.051,2.004-0.847c0.6-0.607,0.795-1.985,0.795-1.985s0.2-1.618,0.2-3.237v-1.517 C22,9.62,21.8,8.001,21.8,8.001z M9.935,14.594l-0.001-5.62l5.404,2.82L9.935,14.594z\"><\/path><\/svg><span class=\"wp-block-social-link-label screen-reader-text\">YouTube<\/span><\/a><\/li><\/ul>\n<\/div>\n\n\n\n<div class=\"wp-block-column is-layout-flow wp-block-column-is-layout-flow\">\n<figure class=\"wp-block-gallery has-nested-images columns-default is-cropped wp-block-gallery-1 is-layout-flex wp-block-gallery-is-layout-flex\">\n<figure class=\"wp-block-image size-large\"><img loading=\"lazy\" decoding=\"async\" width=\"640\" height=\"426\" src=\"http:\/\/demo.fanseethemes.com\/business-power\/wp-content\/uploads\/sites\/2\/2020\/05\/photo-of-people-having-meeting-3183186.jpg\" alt=\"\" class=\"wp-image-101\" srcset=\"https:\/\/fullsafe.io\/wp-content\/uploads\/2020\/05\/photo-of-people-having-meeting-3183186.jpg 640w, https:\/\/fullsafe.io\/wp-content\/uploads\/2020\/05\/photo-of-people-having-meeting-3183186-300x200.jpg 300w\" sizes=\"(max-width: 640px) 100vw, 640px\" \/><\/figure>\n\n\n\n<figure class=\"wp-block-image size-large\"><img loading=\"lazy\" decoding=\"async\" width=\"480\" height=\"346\" src=\"http:\/\/demo.fanseethemes.com\/business-power\/wp-content\/uploads\/sites\/2\/2020\/05\/achievement-african-american-agreement-arms-business-business-agreement-1443991-pxhere.com_.jpg\" alt=\"\" class=\"wp-image-156\" srcset=\"https:\/\/fullsafe.io\/wp-content\/uploads\/2020\/05\/achievement-african-american-agreement-arms-business-business-agreement-1443991-pxhere.com_.jpg 480w, https:\/\/fullsafe.io\/wp-content\/uploads\/2020\/05\/achievement-african-american-agreement-arms-business-business-agreement-1443991-pxhere.com_-300x216.jpg 300w\" sizes=\"(max-width: 480px) 100vw, 480px\" \/><\/figure>\n\n\n\n<figure class=\"wp-block-image size-large\"><img loading=\"lazy\" decoding=\"async\" width=\"640\" height=\"960\" src=\"http:\/\/demo.fanseethemes.com\/business-power\/wp-content\/uploads\/sites\/2\/2020\/05\/man-standing-on-stairs-1254502.jpg\" alt=\"\" class=\"wp-image-62\" srcset=\"https:\/\/fullsafe.io\/wp-content\/uploads\/2020\/05\/man-standing-on-stairs-1254502.jpg 640w, https:\/\/fullsafe.io\/wp-content\/uploads\/2020\/05\/man-standing-on-stairs-1254502-200x300.jpg 200w\" sizes=\"(max-width: 640px) 100vw, 640px\" \/><\/figure>\n\n\n\n<figure class=\"wp-block-image size-large\"><img loading=\"lazy\" decoding=\"async\" width=\"1024\" height=\"683\" src=\"http:\/\/demo.fanseethemes.com\/business-power\/wp-content\/uploads\/sites\/2\/2020\/05\/group-of-people-in-conference-room-1181304-1-1024x683.jpg\" alt=\"\" class=\"wp-image-82\" srcset=\"https:\/\/fullsafe.io\/wp-content\/uploads\/2020\/05\/group-of-people-in-conference-room-1181304-1-1024x683.jpg 1024w, https:\/\/fullsafe.io\/wp-content\/uploads\/2020\/05\/group-of-people-in-conference-room-1181304-1-300x200.jpg 300w, https:\/\/fullsafe.io\/wp-content\/uploads\/2020\/05\/group-of-people-in-conference-room-1181304-1-768x512.jpg 768w, https:\/\/fullsafe.io\/wp-content\/uploads\/2020\/05\/group-of-people-in-conference-room-1181304-1.jpg 1280w\" sizes=\"(max-width: 1024px) 100vw, 1024px\" \/><\/figure>\n\n\n\n<figure class=\"wp-block-image size-large\"><img loading=\"lazy\" decoding=\"async\" width=\"640\" height=\"960\" src=\"http:\/\/demo.fanseethemes.com\/business-power\/wp-content\/uploads\/sites\/2\/2020\/05\/smiling-woman-wearing-black-sweater-1587009.jpg\" alt=\"\" class=\"wp-image-72\" srcset=\"https:\/\/fullsafe.io\/wp-content\/uploads\/2020\/05\/smiling-woman-wearing-black-sweater-1587009.jpg 640w, https:\/\/fullsafe.io\/wp-content\/uploads\/2020\/05\/smiling-woman-wearing-black-sweater-1587009-200x300.jpg 200w\" sizes=\"(max-width: 640px) 100vw, 640px\" \/><\/figure>\n\n\n\n<figure class=\"wp-block-image size-large\"><img loading=\"lazy\" decoding=\"async\" width=\"1024\" height=\"683\" src=\"http:\/\/demo.fanseethemes.com\/business-power\/wp-content\/uploads\/sites\/2\/2020\/05\/man-sitting-with-laptop-computer-on-desk-and-lamp-1586996-1-1024x683.jpg\" alt=\"\" class=\"wp-image-17\" srcset=\"https:\/\/fullsafe.io\/wp-content\/uploads\/2020\/05\/man-sitting-with-laptop-computer-on-desk-and-lamp-1586996-1-1024x683.jpg 1024w, https:\/\/fullsafe.io\/wp-content\/uploads\/2020\/05\/man-sitting-with-laptop-computer-on-desk-and-lamp-1586996-1-300x200.jpg 300w, https:\/\/fullsafe.io\/wp-content\/uploads\/2020\/05\/man-sitting-with-laptop-computer-on-desk-and-lamp-1586996-1-768x512.jpg 768w, https:\/\/fullsafe.io\/wp-content\/uploads\/2020\/05\/man-sitting-with-laptop-computer-on-desk-and-lamp-1586996-1.jpg 1280w\" sizes=\"(max-width: 1024px) 100vw, 1024px\" \/><\/figure>\n<\/figure>\n<\/div>\n<\/div>\n\n\n\n<p><\/p>\n","protected":false},"excerpt":{"rendered":"<p>A Fullsafe Corporation \u00e9 uma empresa genuinamente brasileira que presta servi\u00e7os na \u00e1rea de Tecnologia da Informa\u00e7\u00e3o. Nossa Miss\u00e3o Executar servi\u00e7os de Tecnologia da Informa\u00e7\u00e3o atendendo as necessidades de nossos clientes sempre com, excel\u00eancia em qualidade, transpar\u00eancia e pontualidade, afim de superar suas expectativas e agregar valores aos mesmos, com as melhores solu\u00e7\u00f5es para\u00a0Tecnologia\u00a0da Informa\u00e7\u00e3o. [&hellip;]<\/p>\n","protected":false},"author":1,"featured_media":1978,"parent":0,"menu_order":0,"comment_status":"closed","ping_status":"closed","template":"","meta":{"footnotes":""},"_links":{"self":[{"href":"https:\/\/fullsafe.io\/index.php\/wp-json\/wp\/v2\/pages\/29"}],"collection":[{"href":"https:\/\/fullsafe.io\/index.php\/wp-json\/wp\/v2\/pages"}],"about":[{"href":"https:\/\/fullsafe.io\/index.php\/wp-json\/wp\/v2\/types\/page"}],"author":[{"embeddable":true,"href":"https:\/\/fullsafe.io\/index.php\/wp-json\/wp\/v2\/users\/1"}],"replies":[{"embeddable":true,"href":"https:\/\/fullsafe.io\/index.php\/wp-json\/wp\/v2\/comments?post=29"}],"version-history":[{"count":8,"href":"https:\/\/fullsafe.io\/index.php\/wp-json\/wp\/v2\/pages\/29\/revisions"}],"predecessor-version":[{"id":2070,"href":"https:\/\/fullsafe.io\/index.php\/wp-json\/wp\/v2\/pages\/29\/revisions\/2070"}],"wp:featuredmedia":[{"embeddable":true,"href":"https:\/\/fullsafe.io\/index.php\/wp-json\/wp\/v2\/media\/1978"}],"wp:attachment":[{"href":"https:\/\/fullsafe.io\/index.php\/wp-json\/wp\/v2\/media?parent=29"}],"curies":[{"name":"wp","href":"https:\/\/api.w.org\/{rel}","templated":true}]}}