{"id":36,"date":"2020-05-09T15:40:19","date_gmt":"2020-05-09T15:40:19","guid":{"rendered":"http:\/\/demo.fanseethemes.com\/business-power\/?page_id=36"},"modified":"2022-03-05T16:59:24","modified_gmt":"2022-03-05T19:59:24","slug":"web-security","status":"publish","type":"page","link":"https:\/\/fullsafe.io\/index.php\/web-security\/","title":{"rendered":"Simula\u00e7\u00e3o de Problemas"},"content":{"rendered":"\n<p>A Fullsafe Corporation poder\u00e1 prestar servi\u00e7os para Simula\u00e7\u00e3o de Problemas. Este \u00e9 um servi\u00e7o de alt\u00edssima import\u00e2ncia prestada que, praticamente no Brasil, a Fullsafe Corporation \u00e9 uma das poucas empresas que tem em seu portif\u00f3lio.<\/p>\n\n\n\n<p>A Simula\u00e7\u00e3o de Problemas serve para testar o tempo de resposta das equipes de tecnologia das empresas j\u00e1 treinadas no per\u00edodo de Assessoria, bem como testar se algum procedimento feito na Assessoria foi desfeito.<\/p>\n","protected":false},"excerpt":{"rendered":"<p>A Fullsafe Corporation poder\u00e1 prestar servi\u00e7os para Simula\u00e7\u00e3o de Problemas. Este \u00e9 um servi\u00e7o de alt\u00edssima import\u00e2ncia prestada que, praticamente no Brasil, a Fullsafe Corporation \u00e9 uma das poucas empresas que tem em seu portif\u00f3lio. A Simula\u00e7\u00e3o de Problemas serve para testar o tempo de resposta das equipes de tecnologia das empresas j\u00e1 treinadas no [&hellip;]<\/p>\n","protected":false},"author":1,"featured_media":1965,"parent":0,"menu_order":0,"comment_status":"closed","ping_status":"closed","template":"","meta":{"footnotes":""},"_links":{"self":[{"href":"https:\/\/fullsafe.io\/index.php\/wp-json\/wp\/v2\/pages\/36"}],"collection":[{"href":"https:\/\/fullsafe.io\/index.php\/wp-json\/wp\/v2\/pages"}],"about":[{"href":"https:\/\/fullsafe.io\/index.php\/wp-json\/wp\/v2\/types\/page"}],"author":[{"embeddable":true,"href":"https:\/\/fullsafe.io\/index.php\/wp-json\/wp\/v2\/users\/1"}],"replies":[{"embeddable":true,"href":"https:\/\/fullsafe.io\/index.php\/wp-json\/wp\/v2\/comments?post=36"}],"version-history":[{"count":2,"href":"https:\/\/fullsafe.io\/index.php\/wp-json\/wp\/v2\/pages\/36\/revisions"}],"predecessor-version":[{"id":2057,"href":"https:\/\/fullsafe.io\/index.php\/wp-json\/wp\/v2\/pages\/36\/revisions\/2057"}],"wp:featuredmedia":[{"embeddable":true,"href":"https:\/\/fullsafe.io\/index.php\/wp-json\/wp\/v2\/media\/1965"}],"wp:attachment":[{"href":"https:\/\/fullsafe.io\/index.php\/wp-json\/wp\/v2\/media?parent=36"}],"curies":[{"name":"wp","href":"https:\/\/api.w.org\/{rel}","templated":true}]}}