{"id":44,"date":"2020-05-09T15:50:54","date_gmt":"2020-05-09T15:50:54","guid":{"rendered":"http:\/\/demo.fanseethemes.com\/business-power\/?page_id=44"},"modified":"2022-03-05T16:52:29","modified_gmt":"2022-03-05T19:52:29","slug":"data-analysis","status":"publish","type":"page","link":"https:\/\/fullsafe.io\/index.php\/data-analysis\/","title":{"rendered":"Relat\u00f3rio de An\u00e1lises"},"content":{"rendered":"\n<p>O Relat\u00f3rio de An\u00e1lises \u00e9 um servi\u00e7o prestado juntamente com o servi\u00e7o de Monitoramento.<\/p>\n\n\n\n<p>Este servi\u00e7o visa gerar relat\u00f3rios e gr\u00e1ficos mensais para an\u00e1lise.<\/p>\n\n\n\n<p>Relat\u00f3rios ajudam a verificar o crescimento ou queda de eventos que aconteceram como ataques e\/ou invas\u00f5es nos equipamentos e\/ou redes.<\/p>\n","protected":false},"excerpt":{"rendered":"<p>O Relat\u00f3rio de An\u00e1lises \u00e9 um servi\u00e7o prestado juntamente com o servi\u00e7o de Monitoramento. Este servi\u00e7o visa gerar relat\u00f3rios e gr\u00e1ficos mensais para an\u00e1lise. Relat\u00f3rios ajudam a verificar o crescimento ou queda de eventos que aconteceram como ataques e\/ou invas\u00f5es nos equipamentos e\/ou redes.<\/p>\n","protected":false},"author":1,"featured_media":1963,"parent":0,"menu_order":0,"comment_status":"closed","ping_status":"closed","template":"","meta":{"footnotes":""},"_links":{"self":[{"href":"https:\/\/fullsafe.io\/index.php\/wp-json\/wp\/v2\/pages\/44"}],"collection":[{"href":"https:\/\/fullsafe.io\/index.php\/wp-json\/wp\/v2\/pages"}],"about":[{"href":"https:\/\/fullsafe.io\/index.php\/wp-json\/wp\/v2\/types\/page"}],"author":[{"embeddable":true,"href":"https:\/\/fullsafe.io\/index.php\/wp-json\/wp\/v2\/users\/1"}],"replies":[{"embeddable":true,"href":"https:\/\/fullsafe.io\/index.php\/wp-json\/wp\/v2\/comments?post=44"}],"version-history":[{"count":3,"href":"https:\/\/fullsafe.io\/index.php\/wp-json\/wp\/v2\/pages\/44\/revisions"}],"predecessor-version":[{"id":2055,"href":"https:\/\/fullsafe.io\/index.php\/wp-json\/wp\/v2\/pages\/44\/revisions\/2055"}],"wp:featuredmedia":[{"embeddable":true,"href":"https:\/\/fullsafe.io\/index.php\/wp-json\/wp\/v2\/media\/1963"}],"wp:attachment":[{"href":"https:\/\/fullsafe.io\/index.php\/wp-json\/wp\/v2\/media?parent=44"}],"curies":[{"name":"wp","href":"https:\/\/api.w.org\/{rel}","templated":true}]}}