{"id":46,"date":"2020-05-09T15:51:32","date_gmt":"2020-05-09T15:51:32","guid":{"rendered":"http:\/\/demo.fanseethemes.com\/business-power\/?page_id=46"},"modified":"2022-03-05T16:47:24","modified_gmt":"2022-03-05T19:47:24","slug":"content-writing","status":"publish","type":"page","link":"https:\/\/fullsafe.io\/index.php\/content-writing\/","title":{"rendered":"Monitoramento"},"content":{"rendered":"\n<p>O Monitoramento \u00e9 um servi\u00e7o que pode ser prestado pela Fullsafe Corporation ap\u00f3s a Consultoria e Assessoria. Este procedimento, visa continuar analisando as vulnerabilidades e\/ou os procedimentos implantados na Assessoria executada.<\/p>\n\n\n\n<p>Esta fase \u00e9 muito importante, poder\u00e3o ser detectados novos n\u00edveis de tentativas de ataques para equipamentos e\/ou redes, bem como utiliza\u00e7\u00e3o indevida de colaboradores.<\/p>\n\n\n\n<p>Este \u00e9 um servi\u00e7o que permite que a empresa continue no seu perfeito funcionamento e aproveitamento de todos os recursos disponibilizados. <\/p>\n","protected":false},"excerpt":{"rendered":"<p>O Monitoramento \u00e9 um servi\u00e7o que pode ser prestado pela Fullsafe Corporation ap\u00f3s a Consultoria e Assessoria. Este procedimento, visa continuar analisando as vulnerabilidades e\/ou os procedimentos implantados na Assessoria executada. Esta fase \u00e9 muito importante, poder\u00e3o ser detectados novos n\u00edveis de tentativas de ataques para equipamentos e\/ou redes, bem como utiliza\u00e7\u00e3o indevida de colaboradores. [&hellip;]<\/p>\n","protected":false},"author":1,"featured_media":1973,"parent":0,"menu_order":0,"comment_status":"closed","ping_status":"closed","template":"","meta":{"footnotes":""},"_links":{"self":[{"href":"https:\/\/fullsafe.io\/index.php\/wp-json\/wp\/v2\/pages\/46"}],"collection":[{"href":"https:\/\/fullsafe.io\/index.php\/wp-json\/wp\/v2\/pages"}],"about":[{"href":"https:\/\/fullsafe.io\/index.php\/wp-json\/wp\/v2\/types\/page"}],"author":[{"embeddable":true,"href":"https:\/\/fullsafe.io\/index.php\/wp-json\/wp\/v2\/users\/1"}],"replies":[{"embeddable":true,"href":"https:\/\/fullsafe.io\/index.php\/wp-json\/wp\/v2\/comments?post=46"}],"version-history":[{"count":2,"href":"https:\/\/fullsafe.io\/index.php\/wp-json\/wp\/v2\/pages\/46\/revisions"}],"predecessor-version":[{"id":2053,"href":"https:\/\/fullsafe.io\/index.php\/wp-json\/wp\/v2\/pages\/46\/revisions\/2053"}],"wp:featuredmedia":[{"embeddable":true,"href":"https:\/\/fullsafe.io\/index.php\/wp-json\/wp\/v2\/media\/1973"}],"wp:attachment":[{"href":"https:\/\/fullsafe.io\/index.php\/wp-json\/wp\/v2\/media?parent=46"}],"curies":[{"name":"wp","href":"https:\/\/api.w.org\/{rel}","templated":true}]}}