{"id":48,"date":"2020-05-09T15:52:14","date_gmt":"2020-05-09T15:52:14","guid":{"rendered":"http:\/\/demo.fanseethemes.com\/business-power\/?page_id=48"},"modified":"2022-03-05T16:37:08","modified_gmt":"2022-03-05T19:37:08","slug":"web-marketing","status":"publish","type":"page","link":"https:\/\/fullsafe.io\/index.php\/web-marketing\/","title":{"rendered":"Otimiza\u00e7\u00e3o da Estrutura"},"content":{"rendered":"\n<p>A Otimiza\u00e7\u00e3o da Estrutura visa adequar os equipamentos e\/ou redes de computadores ao melhor aproveitamento e gerar os melhores resultados para empresa.<\/p>\n\n\n\n<p>Muitas vezes as empresas est\u00e3o usando equipamentos sub-dimensionados ou sob-dimensionados para o seu perfeito funcionamento, assim ou gastaram muito sem necessidade ou ir\u00e3o gastar novamente para resolver problemas que deveriam ter sido analisado no inicio da estrutura.<\/p>\n\n\n\n<p>Quando as an\u00e1lises s\u00e3o feitas antecipadamente, gasta-se dinheiro com realmente o que precisa, mas j\u00e1 deixa essa mesma estrutura permitindo um escalonamento se necess\u00e1rio, assim n\u00e3o se gasta duas vezes ou mais.<\/p>\n","protected":false},"excerpt":{"rendered":"<p>A Otimiza\u00e7\u00e3o da Estrutura visa adequar os equipamentos e\/ou redes de computadores ao melhor aproveitamento e gerar os melhores resultados para empresa. Muitas vezes as empresas est\u00e3o usando equipamentos sub-dimensionados ou sob-dimensionados para o seu perfeito funcionamento, assim ou gastaram muito sem necessidade ou ir\u00e3o gastar novamente para resolver problemas que deveriam ter sido analisado [&hellip;]<\/p>\n","protected":false},"author":1,"featured_media":1967,"parent":0,"menu_order":0,"comment_status":"closed","ping_status":"closed","template":"","meta":{"footnotes":""},"_links":{"self":[{"href":"https:\/\/fullsafe.io\/index.php\/wp-json\/wp\/v2\/pages\/48"}],"collection":[{"href":"https:\/\/fullsafe.io\/index.php\/wp-json\/wp\/v2\/pages"}],"about":[{"href":"https:\/\/fullsafe.io\/index.php\/wp-json\/wp\/v2\/types\/page"}],"author":[{"embeddable":true,"href":"https:\/\/fullsafe.io\/index.php\/wp-json\/wp\/v2\/users\/1"}],"replies":[{"embeddable":true,"href":"https:\/\/fullsafe.io\/index.php\/wp-json\/wp\/v2\/comments?post=48"}],"version-history":[{"count":2,"href":"https:\/\/fullsafe.io\/index.php\/wp-json\/wp\/v2\/pages\/48\/revisions"}],"predecessor-version":[{"id":2051,"href":"https:\/\/fullsafe.io\/index.php\/wp-json\/wp\/v2\/pages\/48\/revisions\/2051"}],"wp:featuredmedia":[{"embeddable":true,"href":"https:\/\/fullsafe.io\/index.php\/wp-json\/wp\/v2\/media\/1967"}],"wp:attachment":[{"href":"https:\/\/fullsafe.io\/index.php\/wp-json\/wp\/v2\/media?parent=48"}],"curies":[{"name":"wp","href":"https:\/\/api.w.org\/{rel}","templated":true}]}}