{"id":50,"date":"2020-05-09T15:53:18","date_gmt":"2020-05-09T15:53:18","guid":{"rendered":"http:\/\/demo.fanseethemes.com\/business-power\/?page_id=50"},"modified":"2022-03-05T16:29:21","modified_gmt":"2022-03-05T19:29:21","slug":"app-development","status":"publish","type":"page","link":"https:\/\/fullsafe.io\/index.php\/app-development\/","title":{"rendered":"Assessoria"},"content":{"rendered":"\n<p>A Fullsafe Corporation presta Assessoria em Tecnologia da Informa\u00e7\u00e3o a diversas empresas ao redor do mundo.<\/p>\n\n\n\n<p>A Assessoria \u00e9 feita ap\u00f3s a finaliza\u00e7\u00e3o da Consultoria, ou seja, depois de analisada toda a empresa, as a\u00e7\u00f5es ser\u00e3o tomadas.<\/p>\n\n\n\n<p>A Fullsafe Corporation far\u00e1 diversas sugest\u00f5es e procedimentos para melhorar a seguran\u00e7a dos equipamentos e\/ou rede de computadores, permitindo assim um melhor aproveitamento dos mesmos.<\/p>\n\n\n\n<p>No per\u00edodo de Assessoria, alguns procedimentos dever\u00e3o virar regras, assim ser\u00e1 dada a continuidade na seguran\u00e7a.<\/p>\n\n\n\n<p>A empresa ser\u00e1 acompanhada por nossa equipe t\u00e9cnica para implanta\u00e7\u00e3o de todos os procedimentos, lembrando que estes procedimentos ser\u00e3o feitos pelos colabores da empresa e n\u00e3o pela Fullsafe Corporation.<\/p>\n","protected":false},"excerpt":{"rendered":"<p>A Fullsafe Corporation presta Assessoria em Tecnologia da Informa\u00e7\u00e3o a diversas empresas ao redor do mundo. A Assessoria \u00e9 feita ap\u00f3s a finaliza\u00e7\u00e3o da Consultoria, ou seja, depois de analisada toda a empresa, as a\u00e7\u00f5es ser\u00e3o tomadas. A Fullsafe Corporation far\u00e1 diversas sugest\u00f5es e procedimentos para melhorar a seguran\u00e7a dos equipamentos e\/ou rede de computadores, [&hellip;]<\/p>\n","protected":false},"author":1,"featured_media":1971,"parent":0,"menu_order":0,"comment_status":"closed","ping_status":"closed","template":"","meta":{"footnotes":""},"_links":{"self":[{"href":"https:\/\/fullsafe.io\/index.php\/wp-json\/wp\/v2\/pages\/50"}],"collection":[{"href":"https:\/\/fullsafe.io\/index.php\/wp-json\/wp\/v2\/pages"}],"about":[{"href":"https:\/\/fullsafe.io\/index.php\/wp-json\/wp\/v2\/types\/page"}],"author":[{"embeddable":true,"href":"https:\/\/fullsafe.io\/index.php\/wp-json\/wp\/v2\/users\/1"}],"replies":[{"embeddable":true,"href":"https:\/\/fullsafe.io\/index.php\/wp-json\/wp\/v2\/comments?post=50"}],"version-history":[{"count":3,"href":"https:\/\/fullsafe.io\/index.php\/wp-json\/wp\/v2\/pages\/50\/revisions"}],"predecessor-version":[{"id":2049,"href":"https:\/\/fullsafe.io\/index.php\/wp-json\/wp\/v2\/pages\/50\/revisions\/2049"}],"wp:featuredmedia":[{"embeddable":true,"href":"https:\/\/fullsafe.io\/index.php\/wp-json\/wp\/v2\/media\/1971"}],"wp:attachment":[{"href":"https:\/\/fullsafe.io\/index.php\/wp-json\/wp\/v2\/media?parent=50"}],"curies":[{"name":"wp","href":"https:\/\/api.w.org\/{rel}","templated":true}]}}