{"id":52,"date":"2020-05-09T15:53:59","date_gmt":"2020-05-09T15:53:59","guid":{"rendered":"http:\/\/demo.fanseethemes.com\/business-power\/?page_id=52"},"modified":"2022-03-05T16:21:36","modified_gmt":"2022-03-05T19:21:36","slug":"web-development","status":"publish","type":"page","link":"https:\/\/fullsafe.io\/index.php\/web-development\/","title":{"rendered":"Consultoria"},"content":{"rendered":"\n<p>A Fullsafe Corporation presta Consultoria em empresas ao redor do mundo ajudando a torn\u00e1-las mais seguras.<\/p>\n\n\n\n<p>A consultoria, consta em analisar toda a empresa, desde a quest\u00e3o t\u00e9cnica a administrativa, assim, analisando cuidadosamente toda a estrutura buscando detalhes que muitas vezes passam despercebidos pelos gestores.<\/p>\n\n\n\n<p>Uma consultoria feita pela Fullsafe Corporation, \u00e9 praticamente uma auditoria na \u00e1rea de seguran\u00e7a da tecnologia da informa\u00e7\u00e3o, certificando a empresa que a mesma passou por procedimentos e exig\u00eancias b\u00e1sicas para estas a\u00e7\u00f5es.<\/p>\n\n\n\n<p><\/p>\n\n\n\n<p><\/p>\n","protected":false},"excerpt":{"rendered":"<p>A Fullsafe Corporation presta Consultoria em empresas ao redor do mundo ajudando a torn\u00e1-las mais seguras. A consultoria, consta em analisar toda a empresa, desde a quest\u00e3o t\u00e9cnica a administrativa, assim, analisando cuidadosamente toda a estrutura buscando detalhes que muitas vezes passam despercebidos pelos gestores. Uma consultoria feita pela Fullsafe Corporation, \u00e9 praticamente uma auditoria [&hellip;]<\/p>\n","protected":false},"author":1,"featured_media":1969,"parent":0,"menu_order":0,"comment_status":"closed","ping_status":"closed","template":"","meta":{"footnotes":""},"_links":{"self":[{"href":"https:\/\/fullsafe.io\/index.php\/wp-json\/wp\/v2\/pages\/52"}],"collection":[{"href":"https:\/\/fullsafe.io\/index.php\/wp-json\/wp\/v2\/pages"}],"about":[{"href":"https:\/\/fullsafe.io\/index.php\/wp-json\/wp\/v2\/types\/page"}],"author":[{"embeddable":true,"href":"https:\/\/fullsafe.io\/index.php\/wp-json\/wp\/v2\/users\/1"}],"replies":[{"embeddable":true,"href":"https:\/\/fullsafe.io\/index.php\/wp-json\/wp\/v2\/comments?post=52"}],"version-history":[{"count":3,"href":"https:\/\/fullsafe.io\/index.php\/wp-json\/wp\/v2\/pages\/52\/revisions"}],"predecessor-version":[{"id":2047,"href":"https:\/\/fullsafe.io\/index.php\/wp-json\/wp\/v2\/pages\/52\/revisions\/2047"}],"wp:featuredmedia":[{"embeddable":true,"href":"https:\/\/fullsafe.io\/index.php\/wp-json\/wp\/v2\/media\/1969"}],"wp:attachment":[{"href":"https:\/\/fullsafe.io\/index.php\/wp-json\/wp\/v2\/media?parent=52"}],"curies":[{"name":"wp","href":"https:\/\/api.w.org\/{rel}","templated":true}]}}